{"id":6738,"date":"2019-02-19T19:40:37","date_gmt":"2019-02-19T19:40:37","guid":{"rendered":"http:\/\/ngoberuhldingen.de\/?page_id=6738"},"modified":"2019-02-19T19:40:37","modified_gmt":"2019-02-19T19:40:37","slug":"bilder-von-der-fasnet-2018","status":"publish","type":"page","link":"https:\/\/ngoberuhldingen.de\/?page_id=6738","title":{"rendered":"Bilder von der Fasnet 2018"},"content":{"rendered":"\n<ul class=\"wp-block-list\"><li>20.1. <a href=\"https:\/\/ngoberuhldingen.de\/?p=5343\">Hexenfest<\/a><\/li><li>14.1. <a href=\"https:\/\/ngoberuhldingen.de\/?p=5352\">Jubil\u00e4umsumzug und Narrenbaumstellen in Daisendorf<\/a><\/li><li>27.1. <a href=\"https:\/\/ngoberuhldingen.de\/?p=5377\">Elferwagen richten<\/a><\/li><li>28.1. <a href=\"https:\/\/ngoberuhldingen.de\/?p=5405\">Jubil\u00e4umsumzug NV Hugeloh Leimbach in Markdorf<\/a><\/li><li>3.2. <a href=\"https:\/\/ngoberuhldingen.de\/?p=5612\">Narrenschau<\/a><\/li><li>4.2. <a href=\"https:\/\/ngoberuhldingen.de\/?p=5438\">Jubil\u00e4umsumzug Bad Waldsee \/ Reute<\/a><\/li><li>8.2. <a href=\"https:\/\/ngoberuhldingen.de\/?p=5866\">Schmotziger Dunschdig<\/a><\/li><li>9.2. <a href=\"https:\/\/ngoberuhldingen.de\/?p=5868\">Kinderball<\/a><\/li><li>11.2. <a href=\"https:\/\/ngoberuhldingen.de\/?page_id=6067\">Gemeinschaftsumzug<\/a><\/li><li>12.2. <a href=\"https:\/\/ngoberuhldingen.de\/?p=5968\">Fr\u00fchschoppen am Rosenmontag<\/a><\/li><\/ul>\n","protected":false},"excerpt":{"rendered":"<p>20.1. Hexenfest 14.1. Jubil\u00e4umsumzug und Narrenbaumstellen in Daisendorf 27.1. Elferwagen richten 28.1. Jubil\u00e4umsumzug NV Hugeloh Leimbach in Markdorf 3.2. Narrenschau 4.2. Jubil\u00e4umsumzug Bad Waldsee \/ Reute 8.2. Schmotziger Dunschdig 9.2. Kinderball 11.2. Gemeinschaftsumzug 12.2. Fr\u00fchschoppen am Rosenmontag<\/p>\n","protected":false},"author":1,"featured_media":0,"parent":0,"menu_order":0,"comment_status":"closed","ping_status":"closed","template":"","meta":{"ngg_post_thumbnail":0,"footnotes":""},"class_list":["post-6738","page","type-page","status-publish","hentry"],"_links":{"self":[{"href":"https:\/\/ngoberuhldingen.de\/index.php?rest_route=\/wp\/v2\/pages\/6738","targetHints":{"allow":["GET"]}}],"collection":[{"href":"https:\/\/ngoberuhldingen.de\/index.php?rest_route=\/wp\/v2\/pages"}],"about":[{"href":"https:\/\/ngoberuhldingen.de\/index.php?rest_route=\/wp\/v2\/types\/page"}],"author":[{"embeddable":true,"href":"https:\/\/ngoberuhldingen.de\/index.php?rest_route=\/wp\/v2\/users\/1"}],"replies":[{"embeddable":true,"href":"https:\/\/ngoberuhldingen.de\/index.php?rest_route=%2Fwp%2Fv2%2Fcomments&post=6738"}],"version-history":[{"count":1,"href":"https:\/\/ngoberuhldingen.de\/index.php?rest_route=\/wp\/v2\/pages\/6738\/revisions"}],"predecessor-version":[{"id":6739,"href":"https:\/\/ngoberuhldingen.de\/index.php?rest_route=\/wp\/v2\/pages\/6738\/revisions\/6739"}],"wp:attachment":[{"href":"https:\/\/ngoberuhldingen.de\/index.php?rest_route=%2Fwp%2Fv2%2Fmedia&parent=6738"}],"curies":[{"name":"wp","href":"https:\/\/api.w.org\/{rel}","templated":true}]}}