{"id":385,"date":"2016-07-10T03:46:47","date_gmt":"2016-07-10T03:46:47","guid":{"rendered":"http:\/\/ngoberuhldingen.de\/?page_id=385"},"modified":"2020-12-22T06:32:04","modified_gmt":"2020-12-22T06:32:04","slug":"vorstand","status":"publish","type":"page","link":"https:\/\/ngoberuhldingen.de\/?page_id=385","title":{"rendered":"Vorstand"},"content":{"rendered":"<p>Der <strong>Pr\u00e4sident<\/strong> ist das Oberhaupt der Narrengesellschaft Oberuhldingen.<br \/>\n<img loading=\"lazy\" decoding=\"async\" class=\"wp-image-6348 alignleft\" src=\"http:\/\/ngoberuhldingen.de\/wp-content\/uploads\/2019\/02\/Andi-300x300.jpg\" alt=\"\" width=\"150\" height=\"150\" srcset=\"https:\/\/ngoberuhldingen.de\/wp-content\/uploads\/2019\/02\/Andi-300x300.jpg 300w, https:\/\/ngoberuhldingen.de\/wp-content\/uploads\/2019\/02\/Andi-150x150.jpg 150w, https:\/\/ngoberuhldingen.de\/wp-content\/uploads\/2019\/02\/Andi.jpg 400w\" sizes=\"auto, (max-width: 150px) 100vw, 150px\" \/>Er unterscheidet sich durch sein eigenes H\u00e4s vom Elferrat. Am 12.04.2018 wurde Andreas Gro\u00dfhardt zum Pr\u00e4sidenten gew\u00e4hlt.<\/p>\n<p><strong>Stellvertretende Pr\u00e4sidentin <\/strong>ist ebenfalls seit dem 12.04.2018 Helga.<\/p>\n<p><strong>Der Elferrat<\/strong>, dessen Mitglieder auch als Elfer bezeichnet werde<img loading=\"lazy\" decoding=\"async\" class=\"wp-image-2145 alignright\" src=\"https:\/\/ngoberuhldingen.de\/wp-content\/uploads\/2016\/07\/Elfer-200x200.jpg\" alt=\"Elfer-200x200\" width=\"150\" height=\"150\" srcset=\"https:\/\/ngoberuhldingen.de\/wp-content\/uploads\/2016\/07\/Elfer-200x200.jpg 200w, https:\/\/ngoberuhldingen.de\/wp-content\/uploads\/2016\/07\/Elfer-200x200-150x150.jpg 150w\" sizes=\"auto, (max-width: 150px) 100vw, 150px\" \/>n, nimmt haupts\u00e4chlich organisatorische und repr\u00e4sentative Aufgaben wahr. Sein H\u00e4s ist dem schwedischer Ratsherren nachempfunden.<\/p>\n<p>Der Elferrat geh\u00f6rte schon 1922 zu den Gr\u00fcndungsfiguren der Narrengesellschaft Oberuhldingen und ist somit eine der \u00e4ltesten Figuren in der Oberuhldinger Fasnet. Aus seinen Reihen wird der Schriftf\u00fchrer und der Kassier, der auch als S\u00e4ckelmeister bekannt ist, gestellt.<\/p>\n<p><img loading=\"lazy\" decoding=\"async\" class=\"wp-image-7517 alignleft\" src=\"http:\/\/ngoberuhldingen.de\/wp-content\/uploads\/2020\/02\/Bild-6-229x300.jpg\" alt=\"\" width=\"143\" height=\"187\" srcset=\"https:\/\/ngoberuhldingen.de\/wp-content\/uploads\/2020\/02\/Bild-6-229x300.jpg 229w, https:\/\/ngoberuhldingen.de\/wp-content\/uploads\/2020\/02\/Bild-6-780x1024.jpg 780w, https:\/\/ngoberuhldingen.de\/wp-content\/uploads\/2020\/02\/Bild-6-768x1008.jpg 768w, https:\/\/ngoberuhldingen.de\/wp-content\/uploads\/2020\/02\/Bild-6-1170x1536.jpg 1170w, https:\/\/ngoberuhldingen.de\/wp-content\/uploads\/2020\/02\/Bild-6-1560x2048.jpg 1560w, https:\/\/ngoberuhldingen.de\/wp-content\/uploads\/2020\/02\/Bild-6-640x840.jpg 640w, https:\/\/ngoberuhldingen.de\/wp-content\/uploads\/2020\/02\/Bild-6-1010x1326.jpg 1010w, https:\/\/ngoberuhldingen.de\/wp-content\/uploads\/2020\/02\/Bild-6-scaled.jpg 1950w\" sizes=\"auto, (max-width: 143px) 100vw, 143px\" \/>Die <strong>Narreneltern<\/strong> hatten bis zur Einf\u00fchrung des Narrenpr\u00e4sidenten die Leitung der Narrengesellschaft Oberuhldingen.<br \/>\nHeute sind sie haupts\u00e4chlich f\u00fcr die Organisation und Durchf\u00fchrung der Kinderfasnet verantwortlich. Hierzu geh\u00f6ren unter anderem die Kindergarten- und Schulkinderbefreiung am &#8222;Schmotzgen Dunschtig&#8220; und der Kinderumzug mit anschlie\u00dfendem Kinderball am &#8222;Fasnet Freitag&#8220;. Seit dem Jahr 2020 ist Helga Narrenvater und Claudia Narrenmutter.<\/p>\n<div style=\"text-align: center;\"><img decoding=\"async\" class=\"alignright\" style=\"width: 150px; height: 150px;\" src=\"https:\/\/ngoberuhldingen.de\/wp-content\/uploads\/2016\/07\/Kopf-FJZ-150x150.jpg\" alt=\"FJZ\"><\/div>\n<p><strong>Die Narrenpolizei<\/strong> wacht \u00fcber das Narrenrecht und die Narrenordnung w\u00e4hrend der Fasnet.<br \/>\nNarrenpolizist Franz-Josef f\u00fchrt die Fasnetsumz\u00fcge an und achtet auf die Disziplin der einzelnen Fasnetsgruppen. Er sichert das Narrenbaumstellen am &#8222;Schmotzgen Dunschtig&#8220; ab und ist neben den Narreneltern f\u00fcr die Kinderfasnet verantwortlich.<\/p>\n<p><img loading=\"lazy\" decoding=\"async\" class=\"wp-image-7281 alignleft\" src=\"http:\/\/ngoberuhldingen.de\/wp-content\/uploads\/2020\/01\/2019-Holger-254x300.jpg\" alt=\"\" width=\"148\" height=\"175\" srcset=\"https:\/\/ngoberuhldingen.de\/wp-content\/uploads\/2020\/01\/2019-Holger-254x300.jpg 254w, https:\/\/ngoberuhldingen.de\/wp-content\/uploads\/2020\/01\/2019-Holger-868x1024.jpg 868w, https:\/\/ngoberuhldingen.de\/wp-content\/uploads\/2020\/01\/2019-Holger-768x906.jpg 768w, https:\/\/ngoberuhldingen.de\/wp-content\/uploads\/2020\/01\/2019-Holger-1302x1536.jpg 1302w, https:\/\/ngoberuhldingen.de\/wp-content\/uploads\/2020\/01\/2019-Holger-640x755.jpg 640w, https:\/\/ngoberuhldingen.de\/wp-content\/uploads\/2020\/01\/2019-Holger-1010x1192.jpg 1010w, https:\/\/ngoberuhldingen.de\/wp-content\/uploads\/2020\/01\/2019-Holger.jpg 1696w\" sizes=\"auto, (max-width: 148px) 100vw, 148px\" \/>Der <strong>Chronist<\/strong> f\u00fchrt \u00fcber alle bedeutenden und unbedeutenden Ereignisse w\u00e4hrend der Oberuhldinger Fasnet Buch.<br \/>\nAufgrund dieser jahrzehntelangen Tradition verf\u00fcgt die Narrengesellschaft Oberuhldingen \u00fcber eine l\u00fcckenlose Aufzeichnung des fasnachtlichen Geschehens.<br \/>\nSeit dem 18.04.2008 schreibt Holger unsere Chronik.<\/p>\n<p><img loading=\"lazy\" decoding=\"async\" class=\"size-full wp-image-1778 alignright\" src=\"https:\/\/ngoberuhldingen.de\/wp-content\/uploads\/2016\/07\/Saeckelmeister.jpg\" alt=\"Saeckelmeister\" width=\"150\" height=\"150\"><\/p>\n<p>Der <strong>S\u00e4ckelmeister<\/strong> f\u00fchrt die Konten und Kassenb\u00fccher und bewahrt diese auf. Er ist auch verantwortlich f\u00fcr die Sammlung zur Kinder- und Dorffasnet.<br \/>\nSeit 18.04.2008 ist Uwe unser S\u00e4ckelmeister.<\/p>\n<p><img loading=\"lazy\" decoding=\"async\" class=\"wp-image-5226 alignleft\" src=\"https:\/\/ngoberuhldingen.de\/wp-content\/uploads\/2018\/02\/Claudia.png\" alt=\"\" width=\"150\" height=\"150\"><\/p>\n<p>Die<strong> Schriftf\u00fchrerin<\/strong> f\u00fchrt die Protokolle \u00fcber die Versammlungen und Vorstandssitzungen, erledigt den Schriftverkehr und verwahrt die Akten.<br \/>\nSeit 29.04.2011 ist Claudia, die auch von 2004 bis 2016 Chefin der Laubengiggeler war, unsere Schriftf\u00fchrerin.<\/p>\n<blockquote><p>Zum Vorstand geh\u00f6ren auch die Gruppenvertreter der <a href=\"https:\/\/ngoberuhldingen.de\/?page_id=42\">Streibehexen<\/a>, der <a href=\"https:\/\/ngoberuhldingen.de\/?page_id=40\">Laubengiggeler<\/a>, der <a href=\"https:\/\/ngoberuhldingen.de\/?page_id=44\">Zimmermannsgilde<\/a> und der <a href=\"https:\/\/ngoberuhldingen.de\/?page_id=38\">Birnauer Rebm\u00e4nnle<\/a>.<\/p><\/blockquote>\n","protected":false},"excerpt":{"rendered":"<p>Der Pr\u00e4sident ist das Oberhaupt der Narrengesellschaft Oberuhldingen. Er unterscheidet sich durch sein eigenes H\u00e4s vom Elferrat. Am 12.04.2018 wurde Andreas Gro\u00dfhardt zum Pr\u00e4sidenten gew\u00e4hlt. Stellvertretende Pr\u00e4sidentin ist ebenfalls seit dem 12.04.2018 Helga. Der Elferrat, dessen Mitglieder auch als Elfer bezeichnet werden, nimmt haupts\u00e4chlich organisatorische und repr\u00e4sentative Aufgaben wahr. Sein H\u00e4s ist dem schwedischer Ratsherren [&hellip;]<\/p>\n","protected":false},"author":1,"featured_media":0,"parent":0,"menu_order":0,"comment_status":"closed","ping_status":"closed","template":"","meta":{"ngg_post_thumbnail":0,"footnotes":""},"class_list":["post-385","page","type-page","status-publish","hentry"],"_links":{"self":[{"href":"https:\/\/ngoberuhldingen.de\/index.php?rest_route=\/wp\/v2\/pages\/385","targetHints":{"allow":["GET"]}}],"collection":[{"href":"https:\/\/ngoberuhldingen.de\/index.php?rest_route=\/wp\/v2\/pages"}],"about":[{"href":"https:\/\/ngoberuhldingen.de\/index.php?rest_route=\/wp\/v2\/types\/page"}],"author":[{"embeddable":true,"href":"https:\/\/ngoberuhldingen.de\/index.php?rest_route=\/wp\/v2\/users\/1"}],"replies":[{"embeddable":true,"href":"https:\/\/ngoberuhldingen.de\/index.php?rest_route=%2Fwp%2Fv2%2Fcomments&post=385"}],"version-history":[{"count":44,"href":"https:\/\/ngoberuhldingen.de\/index.php?rest_route=\/wp\/v2\/pages\/385\/revisions"}],"predecessor-version":[{"id":7560,"href":"https:\/\/ngoberuhldingen.de\/index.php?rest_route=\/wp\/v2\/pages\/385\/revisions\/7560"}],"wp:attachment":[{"href":"https:\/\/ngoberuhldingen.de\/index.php?rest_route=%2Fwp%2Fv2%2Fmedia&parent=385"}],"curies":[{"name":"wp","href":"https:\/\/api.w.org\/{rel}","templated":true}]}}