{"id":1857,"date":"2016-07-23T06:00:04","date_gmt":"2016-07-23T06:00:04","guid":{"rendered":"http:\/\/ngoberuhldingen.de\/?page_id=1857"},"modified":"2016-07-23T06:00:04","modified_gmt":"2016-07-23T06:00:04","slug":"abschrift-des-narrenbuchs-zum-jahr-1924","status":"publish","type":"page","link":"https:\/\/ngoberuhldingen.de\/?page_id=1857","title":{"rendered":"Abschrift des Narrenbuchs zum Jahr 1924"},"content":{"rendered":"<p>Fastnachtsbericht 1924<\/p>\n<p>Unerm\u00fcdlich bem\u00fchten sich Ihre Hoheit Prinz und Prinzessin Karneval ihren Narrenkindern den diesj\u00e4hrigen Fasching mit gr\u00f6\u00dftm\u00f6glichster Sorgfalt herbei zu locken.<\/p>\n<p>Zur Einleitung dies hochwichtigen Ereignisses wurde von Ihrer Hoheit folgende Bekanntmachung \u00fcber dero untert\u00e4nigsten Narrenpublikum erlassen.<\/p>\n<p>&nbsp;<\/p>\n<p>Bekanntmachung<\/p>\n<p>Ihrer Hoheit Prinz und Prinzessin Karneval und der aller untert\u00e4nigste Elferrat haben sich gn\u00e4digst bewogen befunden, auch dieses Jahr am schmutzigen Donnerstag durch Umzug und Aufstellen eines Narrenbaumes die Narretei zu er\u00f6ffnen und ladet hierzu s\u00e4mtliche Narren und N\u00e4rrinen, alt und jung, gro\u00df und klein, dick und d\u00fcnn, lang und kurz, auf heute Abend pr\u00e4zis 7 Uhr 59 Minuten ins Narrenlokal zum Storchen ein. Dieser Einladung ist strengstens Folge zu leisten, da die Amtsperiode es Elferrates abgelaufen ist, findet heute Abend Neuwahl desselben statt. Das Narrenbuch wird auch dieses Jahr wieder von heute Abend ab seinen gewohnten Umlauf antreten und wollen die hochverehrten N\u00e4rrinen und Narren von ihrer Einzeichnung regen Gebrauch machen, um unsere jugendlichen Narren auch dieses Jahr wieder eine kolossale \u00dcberraschung zu teil werden zu lassen.<\/p>\n<p>Der Elferrat<\/p>\n","protected":false},"excerpt":{"rendered":"<p>Fastnachtsbericht 1924 Unerm\u00fcdlich bem\u00fchten sich Ihre Hoheit Prinz und Prinzessin Karneval ihren Narrenkindern den diesj\u00e4hrigen Fasching mit gr\u00f6\u00dftm\u00f6glichster Sorgfalt herbei zu locken. Zur Einleitung dies hochwichtigen Ereignisses wurde von Ihrer Hoheit folgende Bekanntmachung \u00fcber dero untert\u00e4nigsten Narrenpublikum erlassen. &nbsp; Bekanntmachung Ihrer Hoheit Prinz und Prinzessin Karneval und der aller untert\u00e4nigste Elferrat haben sich gn\u00e4digst bewogen [&hellip;]<\/p>\n","protected":false},"author":1,"featured_media":0,"parent":0,"menu_order":0,"comment_status":"closed","ping_status":"closed","template":"","meta":{"ngg_post_thumbnail":0,"footnotes":""},"class_list":["post-1857","page","type-page","status-publish","hentry"],"_links":{"self":[{"href":"https:\/\/ngoberuhldingen.de\/index.php?rest_route=\/wp\/v2\/pages\/1857","targetHints":{"allow":["GET"]}}],"collection":[{"href":"https:\/\/ngoberuhldingen.de\/index.php?rest_route=\/wp\/v2\/pages"}],"about":[{"href":"https:\/\/ngoberuhldingen.de\/index.php?rest_route=\/wp\/v2\/types\/page"}],"author":[{"embeddable":true,"href":"https:\/\/ngoberuhldingen.de\/index.php?rest_route=\/wp\/v2\/users\/1"}],"replies":[{"embeddable":true,"href":"https:\/\/ngoberuhldingen.de\/index.php?rest_route=%2Fwp%2Fv2%2Fcomments&post=1857"}],"version-history":[{"count":1,"href":"https:\/\/ngoberuhldingen.de\/index.php?rest_route=\/wp\/v2\/pages\/1857\/revisions"}],"predecessor-version":[{"id":1858,"href":"https:\/\/ngoberuhldingen.de\/index.php?rest_route=\/wp\/v2\/pages\/1857\/revisions\/1858"}],"wp:attachment":[{"href":"https:\/\/ngoberuhldingen.de\/index.php?rest_route=%2Fwp%2Fv2%2Fmedia&parent=1857"}],"curies":[{"name":"wp","href":"https:\/\/api.w.org\/{rel}","templated":true}]}}