{"id":1855,"date":"2016-07-23T05:59:22","date_gmt":"2016-07-23T05:59:22","guid":{"rendered":"http:\/\/ngoberuhldingen.de\/?page_id=1855"},"modified":"2016-07-23T05:59:22","modified_gmt":"2016-07-23T05:59:22","slug":"abschrift-des-narrenbuchs-zum-jahr-1923","status":"publish","type":"page","link":"https:\/\/ngoberuhldingen.de\/?page_id=1855","title":{"rendered":"Abschrift des Narrenbuchs zum Jahr 1923"},"content":{"rendered":"<p>Fastnachtsbericht 1923<\/p>\n<p>Es r\u00fcckte die Fastnacht 1923 mit seinen schwindelnden Bergen von Papiergeld an, so da\u00df dem Narren aus \u00fcppigem Hochmut die Fastnacht zu gering erschien. Auch war der Elferrat das ganze Jahr hindurch in Berlin zur Tagung \u00fcber Beschlu\u00dffassung und Verwendung des Reingewinns der Notenbank t\u00e4tig; der wie es sich nach Schlu\u00df herausstellte ein ganz gewaltiger war; so da\u00df konstatiert werden konnte, dass noch eine enorme Menge Millionen und Milliarden in den Winkeln auf ihre Befreiung lauern.<\/p>\n<p>Oberuhldingen, im Narrenmonat 1923<\/p>\n<p>Der Elferrat<\/p>\n","protected":false},"excerpt":{"rendered":"<p>Fastnachtsbericht 1923 Es r\u00fcckte die Fastnacht 1923 mit seinen schwindelnden Bergen von Papiergeld an, so da\u00df dem Narren aus \u00fcppigem Hochmut die Fastnacht zu gering erschien. Auch war der Elferrat das ganze Jahr hindurch in Berlin zur Tagung \u00fcber Beschlu\u00dffassung und Verwendung des Reingewinns der Notenbank t\u00e4tig; der wie es sich nach Schlu\u00df herausstellte ein [&hellip;]<\/p>\n","protected":false},"author":1,"featured_media":0,"parent":0,"menu_order":0,"comment_status":"closed","ping_status":"closed","template":"","meta":{"ngg_post_thumbnail":0,"footnotes":""},"class_list":["post-1855","page","type-page","status-publish","hentry"],"_links":{"self":[{"href":"https:\/\/ngoberuhldingen.de\/index.php?rest_route=\/wp\/v2\/pages\/1855","targetHints":{"allow":["GET"]}}],"collection":[{"href":"https:\/\/ngoberuhldingen.de\/index.php?rest_route=\/wp\/v2\/pages"}],"about":[{"href":"https:\/\/ngoberuhldingen.de\/index.php?rest_route=\/wp\/v2\/types\/page"}],"author":[{"embeddable":true,"href":"https:\/\/ngoberuhldingen.de\/index.php?rest_route=\/wp\/v2\/users\/1"}],"replies":[{"embeddable":true,"href":"https:\/\/ngoberuhldingen.de\/index.php?rest_route=%2Fwp%2Fv2%2Fcomments&post=1855"}],"version-history":[{"count":1,"href":"https:\/\/ngoberuhldingen.de\/index.php?rest_route=\/wp\/v2\/pages\/1855\/revisions"}],"predecessor-version":[{"id":1856,"href":"https:\/\/ngoberuhldingen.de\/index.php?rest_route=\/wp\/v2\/pages\/1855\/revisions\/1856"}],"wp:attachment":[{"href":"https:\/\/ngoberuhldingen.de\/index.php?rest_route=%2Fwp%2Fv2%2Fmedia&parent=1855"}],"curies":[{"name":"wp","href":"https:\/\/api.w.org\/{rel}","templated":true}]}}