{"id":16,"date":"2016-07-09T10:00:06","date_gmt":"2016-07-09T10:00:06","guid":{"rendered":"http:\/\/ngoberuhldingen.de\/?page_id=16"},"modified":"2018-11-17T19:08:58","modified_gmt":"2018-11-17T19:08:58","slug":"impressum","status":"publish","type":"page","link":"https:\/\/ngoberuhldingen.de\/?page_id=16","title":{"rendered":"Impressum"},"content":{"rendered":"<blockquote><p>Die Narrengesellschaft Oberuhldingen ist eingetragen im Vereinsregister des Amtsgericht Freiburg unter VR 580305.<\/p><\/blockquote>\n<p>Postanschrift:<\/p>\n<p>Narrengesellschaft Oberuhldingen e.V.<br \/>\nAndreas Gro\u00dfhardt<br \/>\nObere Auen 6<br \/>\n88690 Uhldingen-M\u00fchlhofen<\/p>\n<p>Telefon: (0 75 56) 91 96 24<br \/>\nE-Mail: Praesident(at)ngoberuhldingen.de<\/p>\n<p>F\u00fcr alle von der Narrengesellschaft Oberuhldingen betriebenen Webangebote gelten folgende Hinweise:<\/p>\n<p>Auf den Webseiten der Narrengesellschaft Oberuhldingen verwendete Texte, Bilder, T\u00f6ne u.a. unterliegen dem Urheberrecht. Die Verwendung dieser in fremden Publikationen aller Art bedarf einer vorherigen Genehmigung durch die Narrengesellschaft Oberuhldingen . Die Webseiten d\u00fcrfen nur zum privaten Gebrauch abgerufen, gespeichert \/ ausgedruckt werden. Jegliche Ver\u00e4nderung und Verbreitung bzw. \u00f6ffentliche Wiedergabe dieser ist untersagt.<\/p>\n<p>F\u00fcr die Richtigkeit der abgerufenen Informationen \u00fcbernimmt die Narrengesellschaft Oberuhldingen keine Gew\u00e4hr. Insbesondere ist die Haftung f\u00fcr Sch\u00e4den, die sich aus der Verwendung der abgerufenen Informationen ergeben, ausgeschlossen.<\/p>\n<p>F\u00fcr alle direkten oder indirekten Verweise (Link) auf fremde Internetseiten, die au\u00dferhalb des Verantwortungsbereiches der Narrengesellschaft Oberuhldingen liegen, wird erkl\u00e4rt:<\/p>\n<p>Zum Zeitpunkt der Linksetzung waren die entsprechenden verlinkten Seiten frei von illegalen Inhalten.<\/p>\n<p>Mit Urteil vom 12. Mai 1998 hat das Landgericht Hamburg entschieden, dass man durch die Ausbringung eines Links die Inhalte der gelinkten Seite ggf. mit zu verantworten hat. Dies kann &#8211; so das LG &#8211; nur dadurch verhindert werden, dass man sich ausdr\u00fccklich von diesen Inhalten distanziert.<\/p>\n<p>Die Narrengesellschaft Oberuhldingen hat keinerlei Einfluss auf die aktuelle und zuk\u00fcnftige Gestaltung und auf die Inhalte der gelinkten Seiten, die nach der Linksetzung ver\u00e4ndert wurden.<\/p>\n<p>Die Narrengesellschaft Oberuhldingen distanziert sich hiermit ausdr\u00fccklich von allen Inhalten aller gelinkten Seiten, die nach der Linksetzung ver\u00e4ndert wurden.<\/p>\n<p>F\u00fcr illegale, fehlerhafte oder unvollst\u00e4ndige Inhalte und insbesondere f\u00fcr Sch\u00e4den, die aus der Nutzung oder Nichtnutzung solcherart dargebotener Informationen entstehen, haftet allein der Anbieter der Seite, auf welche verwiesen wurde, nicht derjenige, der \u00fcber Links auf die jeweilige Ver\u00f6ffentlichung lediglich verweist.<\/p>\n<p><b>Datenschutzhinweis:<\/b><\/p>\n<p>Die Nutzung der im Rahmen des Impressums oder vergleichbarer Angaben ver\u00f6ffentlichten Kontaktdaten wie Postanschriften, Telefon- und Faxnummern sowie Emailadressen durch Dritte zur \u00dcbersendung von nicht ausdr\u00fccklich angeforderten Informationen ist nicht gestattet.<\/p>\n<p>Rechtliche Schritte gegen die Versender von so genannten Spam-Mails bei Verst\u00f6\u00dfen gegen dieses Verbot sind ausdr\u00fccklich vorbehalten.<\/p>\n<p>Der korrekte Umgang mit personenbezogenen Daten unserer Mitglieder ist uns wichtig, weitere Informationen zur Herkunft, Bearbeitung und Weiterleitung von Mitgliederdaten finden Sie <a href=\"https:\/\/ngoberuhldingen.de\/wp-content\/uploads\/2018\/05\/NGO-2018.pdf\">hier<\/a>.<\/p>\n<p>Wir erfassen und speichern keinerlei Daten von den Besuchern unserer Webseite.<\/p>\n<blockquote><p>Sollten trotz gr\u00f6\u00dfter Sorgfalt auf der Webseite Fotos, Aufnahmen oder Beitr\u00e4ge erscheinen gegen deren Ver\u00f6ffentlichung etwas einzuwenden ist, kann ein Antrag auf L\u00f6schung per Email an ngowebadmin(at)ngoberuhldingen.de gerichtet werden.<\/p>\n<p>Bitte (at) durch @ ersetzen um zu einer korrekten Emailadresse zu kommen.<\/p><\/blockquote>\n<p>Der Webaustritt wurde erstellt mit dem CMS WordPress unter Verwendung der Plugins Contact Form 7, Disable Comments, NextGEN Gallery, Velvet Blues Update URLs und Events Made Easy sowie den Theme <span class=\"credits-bottom\">Aperture.<\/span><\/p>\n<p>\u00a9Copyright: Narrengesellschaft Oberuhldingen<\/p>\n","protected":false},"excerpt":{"rendered":"<p>Die Narrengesellschaft Oberuhldingen ist eingetragen im Vereinsregister des Amtsgericht Freiburg unter VR 580305. Postanschrift: Narrengesellschaft Oberuhldingen e.V. Andreas Gro\u00dfhardt Obere Auen 6 88690 Uhldingen-M\u00fchlhofen Telefon: (0 75 56) 91 96 24 E-Mail: Praesident(at)ngoberuhldingen.de F\u00fcr alle von der Narrengesellschaft Oberuhldingen betriebenen Webangebote gelten folgende Hinweise: Auf den Webseiten der Narrengesellschaft Oberuhldingen verwendete Texte, Bilder, T\u00f6ne u.a. [&hellip;]<\/p>\n","protected":false},"author":1,"featured_media":0,"parent":0,"menu_order":0,"comment_status":"closed","ping_status":"closed","template":"","meta":{"ngg_post_thumbnail":0,"footnotes":""},"class_list":["post-16","page","type-page","status-publish","hentry"],"_links":{"self":[{"href":"https:\/\/ngoberuhldingen.de\/index.php?rest_route=\/wp\/v2\/pages\/16","targetHints":{"allow":["GET"]}}],"collection":[{"href":"https:\/\/ngoberuhldingen.de\/index.php?rest_route=\/wp\/v2\/pages"}],"about":[{"href":"https:\/\/ngoberuhldingen.de\/index.php?rest_route=\/wp\/v2\/types\/page"}],"author":[{"embeddable":true,"href":"https:\/\/ngoberuhldingen.de\/index.php?rest_route=\/wp\/v2\/users\/1"}],"replies":[{"embeddable":true,"href":"https:\/\/ngoberuhldingen.de\/index.php?rest_route=%2Fwp%2Fv2%2Fcomments&post=16"}],"version-history":[{"count":19,"href":"https:\/\/ngoberuhldingen.de\/index.php?rest_route=\/wp\/v2\/pages\/16\/revisions"}],"predecessor-version":[{"id":6247,"href":"https:\/\/ngoberuhldingen.de\/index.php?rest_route=\/wp\/v2\/pages\/16\/revisions\/6247"}],"wp:attachment":[{"href":"https:\/\/ngoberuhldingen.de\/index.php?rest_route=%2Fwp%2Fv2%2Fmedia&parent=16"}],"curies":[{"name":"wp","href":"https:\/\/api.w.org\/{rel}","templated":true}]}}