{"id":105,"date":"2016-07-09T14:02:50","date_gmt":"2016-07-09T14:02:50","guid":{"rendered":"http:\/\/ngoberuhldingen.de\/?page_id=105"},"modified":"2016-07-09T14:02:50","modified_gmt":"2016-07-09T14:02:50","slug":"narrenlied","status":"publish","type":"page","link":"https:\/\/ngoberuhldingen.de\/?page_id=105","title":{"rendered":"Narrenlied"},"content":{"rendered":"<p>Das Narrenlied der Narrengesellschaft Oberuhldingen e.V.:<\/p>\n<p><b>Uhldinger Fasnet<\/b><\/p>\n<p>Text &#038; Musik: Roland Michel; \u00fcberarbeitet anno 2013<\/p>\n<p><u>Refrain:<\/u><br \/>\nUhldinger Fasnet isch der gr\u00f6\u00dfte Hit,<br \/>\nUhldinger Fasnet machet alle mit.<br \/>\nJeder will debei sein, bei der Narrenschau,<br \/>\nUhldinger Fasnet, mit borschtig isch die Sau.<\/p>\n<p><u>Vers 1:<\/u><br \/>\nVorne vor em Elferrot, do lauft de Bolizei.<br \/>\nDe Pr\u00e4se isch de Narreschef, au d&#8216; Musik isch debei.<br \/>\nDie Zimmerleut, die schtelled uns de Narrebom is Loch.<br \/>\nDie Hexe sind sch\u00e4 gruselig, so mag des jeder doch!<\/p>\n<p><u>Vers 2:<\/u><br \/>\nF\u00fcr de Narresome sorgts Narrenelternpaar<br \/>\nDobe vu de Laube, do kunnt die Giggler Schar.<br \/>\nDie M\u00e4nnle mit em Rebeschtock sind luschdig, wie mes mag.<br \/>\nDie Wecker honds am Mendig schwer, do isch de Zuber-Dag.<\/p>\n","protected":false},"excerpt":{"rendered":"<p>Das Narrenlied der Narrengesellschaft Oberuhldingen e.V.: Uhldinger Fasnet Text &#038; Musik: Roland Michel; \u00fcberarbeitet anno 2013 Refrain: Uhldinger Fasnet isch der gr\u00f6\u00dfte Hit, Uhldinger Fasnet machet alle mit. Jeder will debei sein, bei der Narrenschau, Uhldinger Fasnet, mit borschtig isch die Sau. Vers 1: Vorne vor em Elferrot, do lauft de Bolizei. De Pr\u00e4se isch [&hellip;]<\/p>\n","protected":false},"author":1,"featured_media":0,"parent":0,"menu_order":0,"comment_status":"closed","ping_status":"closed","template":"","meta":{"ngg_post_thumbnail":0,"footnotes":""},"class_list":["post-105","page","type-page","status-publish","hentry"],"_links":{"self":[{"href":"https:\/\/ngoberuhldingen.de\/index.php?rest_route=\/wp\/v2\/pages\/105","targetHints":{"allow":["GET"]}}],"collection":[{"href":"https:\/\/ngoberuhldingen.de\/index.php?rest_route=\/wp\/v2\/pages"}],"about":[{"href":"https:\/\/ngoberuhldingen.de\/index.php?rest_route=\/wp\/v2\/types\/page"}],"author":[{"embeddable":true,"href":"https:\/\/ngoberuhldingen.de\/index.php?rest_route=\/wp\/v2\/users\/1"}],"replies":[{"embeddable":true,"href":"https:\/\/ngoberuhldingen.de\/index.php?rest_route=%2Fwp%2Fv2%2Fcomments&post=105"}],"version-history":[{"count":1,"href":"https:\/\/ngoberuhldingen.de\/index.php?rest_route=\/wp\/v2\/pages\/105\/revisions"}],"predecessor-version":[{"id":106,"href":"https:\/\/ngoberuhldingen.de\/index.php?rest_route=\/wp\/v2\/pages\/105\/revisions\/106"}],"wp:attachment":[{"href":"https:\/\/ngoberuhldingen.de\/index.php?rest_route=%2Fwp%2Fv2%2Fmedia&parent=105"}],"curies":[{"name":"wp","href":"https:\/\/api.w.org\/{rel}","templated":true}]}}