{"id":100,"date":"2016-07-09T13:59:16","date_gmt":"2016-07-09T13:59:16","guid":{"rendered":"http:\/\/ngoberuhldingen.de\/?page_id=100"},"modified":"2025-12-22T12:57:39","modified_gmt":"2025-12-22T12:57:39","slug":"download","status":"publish","type":"page","link":"https:\/\/ngoberuhldingen.de\/?page_id=100","title":{"rendered":"Download"},"content":{"rendered":"<p>Hier stehen<\/p>\n<ul>\n<li><a href=\"https:\/\/ngoberuhldingen.de\/wp-content\/uploads\/2016\/07\/Narrenmarsch.mp3\" target=\"_blank\" rel=\"noopener\">Narrenmarsch<\/a><\/li>\n<li><a href=\"https:\/\/ngoberuhldingen.de\/wp-content\/uploads\/2016\/09\/4-Uhldinger-Fasnet.mp3\" target=\"_blank\" rel=\"noopener\">Narrenlied<\/a>\n<ul>\n<li><a href=\"https:\/\/ngoberuhldingen.de\/?page_id=105\" target=\"_blank\" rel=\"noopener\">Liedtext<\/a><\/li>\n<\/ul>\n<\/li>\n<li><a href=\"https:\/\/ngoberuhldingen.de\/wp-content\/uploads\/2016\/07\/Hexenmarsch.mp3\" target=\"_blank\" rel=\"noopener\">Hexenmarsch<\/a>\n<ul>\n<li><a href=\"https:\/\/ngoberuhldingen.de\/?page_id=52\">Liedtext<\/a><\/li>\n<\/ul>\n<\/li>\n<li><a href=\"https:\/\/ngoberuhldingen.de\/wp-content\/uploads\/2016\/09\/Rebmaennle-Lied1.mp3\" target=\"_blank\" rel=\"noopener\">Rebm\u00e4nnlelied <\/a><\/li>\n<\/ul>\n<p>zum Herunterladen zur Verf\u00fcgung.<\/p>\n<p>Sowie<\/p>\n<ul>\n<li>Mitgliedsantrag <a href=\"http:\/\/ngoberuhldingen.de\/wp-content\/uploads\/2025\/12\/NGO-Beitrittserklaerung_2025-12.pdf\" target=\"_blank\" rel=\"noopener\">PDF<\/a> &#8211; <a href=\"http:\/\/ngoberuhldingen.de\/wp-content\/uploads\/2025\/12\/NGO-Beitrittserklaerung_2025-12.docx\" target=\"_blank\" rel=\"noopener\">DOCX<\/a><\/li>\n<li>Datenaktualisierungsformular <a href=\"http:\/\/ngoberuhldingen.de\/wp-content\/uploads\/2025\/12\/NGO-Datenaktualisierung_2025-12.pdf\" target=\"_blank\" rel=\"noopener\">PDF<\/a> &#8211; <a href=\"http:\/\/ngoberuhldingen.de\/wp-content\/uploads\/2025\/12\/NGO-Datenaktualisierung_2025-12.docx\" target=\"_blank\" rel=\"noopener\">DOCX<\/a><\/li>\n<li><a href=\"http:\/\/ngoberuhldingen.de\/wp-content\/uploads\/2025\/12\/NGO-Einverstaendnis-Datenschutz-2025-10-1Seite-1.pdf\" target=\"_blank\" rel=\"noopener\">Einverst\u00e4ndniserkl\u00e4rung Datenschutz (muss von allen Mitgliedern ausgef\u00fcllt und abgegeben werden)<\/a><\/li>\n<\/ul>\n<p>Vereinssatzung und Ordnungen<\/p>\n<ul>\n<li><a href=\"http:\/\/ngoberuhldingen.de\/wp-content\/uploads\/2025\/09\/NGO-Satzung-2025.pdf\" target=\"_blank\" rel=\"noopener\">Satzung (Stand 23.05.2025)<\/a><\/li>\n<li><a href=\"http:\/\/ngoberuhldingen.de\/wp-content\/uploads\/2025\/12\/NGO-Gruppenordnung-2025-10.pdf\" target=\"_blank\" rel=\"noopener\">Gruppenordnung<\/a><\/li>\n<li><a href=\"http:\/\/ngoberuhldingen.de\/wp-content\/uploads\/2025\/12\/NGO-Datenschutzordnung-2025-10.pdf\" target=\"_blank\" rel=\"noopener\">Datenschutzordnung<\/a><\/li>\n<li><a href=\"http:\/\/ngoberuhldingen.de\/wp-content\/uploads\/2025\/12\/NGO-Ehrungsordnung-2025-10.pdf\" target=\"_blank\" rel=\"noopener\">Ehrungsordnung<\/a><\/li>\n<li><a href=\"http:\/\/ngoberuhldingen.de\/wp-content\/uploads\/2025\/12\/NGO-Beitrags-und-Finanzordnung-2025-10.pdf\" target=\"_blank\" rel=\"noopener\">Beitrags- und Finanzordnung<\/a><\/li>\n<\/ul>\n<p>&nbsp;<\/p>\n\n\n<p><\/p>\n","protected":false},"excerpt":{"rendered":"<p>Hier stehen Narrenmarsch Narrenlied Liedtext Hexenmarsch Liedtext Rebm\u00e4nnlelied zum Herunterladen zur Verf\u00fcgung. Sowie Mitgliedsantrag PDF &#8211; DOCX Datenaktualisierungsformular PDF &#8211; DOCX Einverst\u00e4ndniserkl\u00e4rung Datenschutz (muss von allen Mitgliedern ausgef\u00fcllt und abgegeben werden) Vereinssatzung und Ordnungen Satzung (Stand 23.05.2025) Gruppenordnung Datenschutzordnung Ehrungsordnung Beitrags- und Finanzordnung &nbsp;<\/p>\n","protected":false},"author":1,"featured_media":0,"parent":0,"menu_order":0,"comment_status":"closed","ping_status":"closed","template":"","meta":{"ngg_post_thumbnail":0,"footnotes":""},"class_list":["post-100","page","type-page","status-publish","hentry"],"_links":{"self":[{"href":"https:\/\/ngoberuhldingen.de\/index.php?rest_route=\/wp\/v2\/pages\/100","targetHints":{"allow":["GET"]}}],"collection":[{"href":"https:\/\/ngoberuhldingen.de\/index.php?rest_route=\/wp\/v2\/pages"}],"about":[{"href":"https:\/\/ngoberuhldingen.de\/index.php?rest_route=\/wp\/v2\/types\/page"}],"author":[{"embeddable":true,"href":"https:\/\/ngoberuhldingen.de\/index.php?rest_route=\/wp\/v2\/users\/1"}],"replies":[{"embeddable":true,"href":"https:\/\/ngoberuhldingen.de\/index.php?rest_route=%2Fwp%2Fv2%2Fcomments&post=100"}],"version-history":[{"count":41,"href":"https:\/\/ngoberuhldingen.de\/index.php?rest_route=\/wp\/v2\/pages\/100\/revisions"}],"predecessor-version":[{"id":8174,"href":"https:\/\/ngoberuhldingen.de\/index.php?rest_route=\/wp\/v2\/pages\/100\/revisions\/8174"}],"wp:attachment":[{"href":"https:\/\/ngoberuhldingen.de\/index.php?rest_route=%2Fwp%2Fv2%2Fmedia&parent=100"}],"curies":[{"name":"wp","href":"https:\/\/api.w.org\/{rel}","templated":true}]}}